{"id":12,"date":"2019-05-20T11:34:06","date_gmt":"2019-05-20T09:34:06","guid":{"rendered":"http:\/\/www.lagger.eu\/?page_id=12"},"modified":"2026-01-26T14:00:51","modified_gmt":"2026-01-26T12:00:51","slug":"home","status":"publish","type":"page","link":"https:\/\/www.lagger.eu\/en\/","title":{"rendered":"Home"},"content":{"rendered":"<div data-elementor-type=\"wp-page\" data-elementor-id=\"12\" class=\"elementor elementor-12\">\n\t\t\t\t\t\t<section class=\"elementor-section elementor-top-section elementor-element elementor-element-00d8130 elementor-section-height-min-height elementor-section-content-middle elementor-section-boxed elementor-section-height-default elementor-section-items-middle\" data-id=\"00d8130\" data-element_type=\"section\" data-e-type=\"section\" data-settings=\"{&quot;background_background&quot;:&quot;classic&quot;}\">\n\t\t\t\t\t\t\t<div class=\"elementor-background-overlay\"><\/div>\n\t\t\t\t\t\t\t<div class=\"elementor-container elementor-column-gap-default\">\n\t\t\t\t\t<div class=\"elementor-column elementor-col-50 elementor-top-column elementor-element elementor-element-abe5296\" data-id=\"abe5296\" data-element_type=\"column\" data-e-type=\"column\">\n\t\t\t<div class=\"elementor-widget-wrap\">\n\t\t\t\t\t\t\t<\/div>\n\t\t<\/div>\n\t\t\t\t<div class=\"elementor-column elementor-col-50 elementor-top-column elementor-element elementor-element-3e69c5c\" data-id=\"3e69c5c\" data-element_type=\"column\" data-e-type=\"column\">\n\t\t\t<div class=\"elementor-widget-wrap elementor-element-populated\">\n\t\t\t\t\t\t<div class=\"elementor-element elementor-element-5af48a1 elementor-hidden-phone elementor-widget elementor-widget-heading\" data-id=\"5af48a1\" data-element_type=\"widget\" data-e-type=\"widget\" data-widget_type=\"heading.default\">\n\t\t\t\t<div class=\"elementor-widget-container\">\n\t\t\t\t\t<h1 class=\"elementor-heading-title elementor-size-default\">Karin Lagger<\/h1>\t\t\t\t<\/div>\n\t\t\t\t<\/div>\n\t\t\t\t<div class=\"elementor-element elementor-element-9442239 elementor-hidden-phone elementor-widget elementor-widget-heading\" data-id=\"9442239\" data-element_type=\"widget\" data-e-type=\"widget\" data-widget_type=\"heading.default\">\n\t\t\t\t<div class=\"elementor-widget-container\">\n\t\t\t\t\t<h3 class=\"elementor-heading-title elementor-size-default\">Psychotherapy<\/h3>\t\t\t\t<\/div>\n\t\t\t\t<\/div>\n\t\t\t\t<div class=\"elementor-element elementor-element-c4362a0 elementor-align-center elementor-hidden-phone elementor-widget elementor-widget-button\" data-id=\"c4362a0\" data-element_type=\"widget\" data-e-type=\"widget\" data-widget_type=\"button.default\">\n\t\t\t\t<div class=\"elementor-widget-container\">\n\t\t\t\t\t\t\t\t\t<div class=\"elementor-button-wrapper\">\n\t\t\t\t\t<a class=\"elementor-button elementor-button-link elementor-size-sm\" href=\"http:\/\/www.lagger.eu\/en\/kontakt\/\">\n\t\t\t\t\t\t<span class=\"elementor-button-content-wrapper\">\n\t\t\t\t\t\t\t\t\t<span class=\"elementor-button-text\">Contact<\/span>\n\t\t\t\t\t<\/span>\n\t\t\t\t\t<\/a>\n\t\t\t\t<\/div>\n\t\t\t\t\t\t\t\t<\/div>\n\t\t\t\t<\/div>\n\t\t\t\t\t<\/div>\n\t\t<\/div>\n\t\t\t\t\t<\/div>\n\t\t<\/section>\n\t\t\t\t<section class=\"elementor-section elementor-top-section elementor-element elementor-element-fd01c30 elementor-section-boxed elementor-section-height-default elementor-section-height-default\" data-id=\"fd01c30\" data-element_type=\"section\" data-e-type=\"section\">\n\t\t\t\t\t\t<div class=\"elementor-container elementor-column-gap-default\">\n\t\t\t\t\t<div class=\"elementor-column elementor-col-100 elementor-top-column elementor-element elementor-element-f18280b\" data-id=\"f18280b\" data-element_type=\"column\" data-e-type=\"column\">\n\t\t\t<div class=\"elementor-widget-wrap elementor-element-populated\">\n\t\t\t\t\t\t<section class=\"elementor-section elementor-inner-section elementor-element elementor-element-4f4c848 elementor-section-boxed elementor-section-height-default elementor-section-height-default\" data-id=\"4f4c848\" data-element_type=\"section\" data-e-type=\"section\">\n\t\t\t\t\t\t<div class=\"elementor-container elementor-column-gap-default\">\n\t\t\t\t\t<div class=\"elementor-column elementor-col-100 elementor-inner-column elementor-element elementor-element-40c27e1\" data-id=\"40c27e1\" data-element_type=\"column\" data-e-type=\"column\">\n\t\t\t<div class=\"elementor-widget-wrap elementor-element-populated\">\n\t\t\t\t\t\t<div class=\"elementor-element elementor-element-b6a1525 elementor-widget elementor-widget-text-editor\" data-id=\"b6a1525\" data-element_type=\"widget\" data-e-type=\"widget\" data-widget_type=\"text-editor.default\">\n\t\t\t\t<div class=\"elementor-widget-container\">\n\t\t\t\t\t\t\t\t\t<h1><b>Analytical psychotherapy focused on the present<\/b>!<\/h1><p>I am a psychotherapist, trained in the psychotherapeutic orientation of <a href=\"https:\/\/www.lagger.eu\/en\/philosophie\/\">Analytical Psychology<\/a> (Carl Gustav Jung). I completed my training as a psychotherapist in Analytical Psychology in 2017-2022 at the <a href=\"https:\/\/www.cgjung.at\/\">Austrian Society for Analytical Psychology (\u00d6GAP)<\/a>.<\/p><p>On the following pages you can find out more<a href=\"https:\/\/www.lagger.eu\/en\/ueber-mich\/\"> about me<\/a>, the <a href=\"https:\/\/www.lagger.eu\/en\/schwerpunkte\/\">Focus<\/a> in Analytical Psychology that is important to me, the therapeutic <a href=\"https:\/\/www.lagger.eu\/en\/angebot\/\">offers<\/a>, and information about <a href=\"https:\/\/www.lagger.eu\/en\/kontakt\/\">contact me.\n(Papers and publications are only available in German)<\/a> me about a potential therapeutic <a href=\"https:\/\/www.lagger.eu\/en\/arbeitsweise\/\">cooperation<\/a> .<\/p><p>If you are looking for therapeutic guidance and you are interested in my focus and professional orientation, as well as my personal approach to the cooperation, I look forward to getting to know you!<\/p>\t\t\t\t\t\t\t\t<\/div>\n\t\t\t\t<\/div>\n\t\t\t\t\t<\/div>\n\t\t<\/div>\n\t\t\t\t\t<\/div>\n\t\t<\/section>\n\t\t\t\t<section class=\"elementor-section elementor-inner-section elementor-element elementor-element-39b6548 elementor-section-boxed elementor-section-height-default elementor-section-height-default\" data-id=\"39b6548\" data-element_type=\"section\" data-e-type=\"section\">\n\t\t\t\t\t\t<div class=\"elementor-container elementor-column-gap-default\">\n\t\t\t\t\t<div class=\"elementor-column elementor-col-100 elementor-inner-column elementor-element elementor-element-88cec8f\" data-id=\"88cec8f\" data-element_type=\"column\" data-e-type=\"column\">\n\t\t\t<div class=\"elementor-widget-wrap elementor-element-populated\">\n\t\t\t\t\t\t<div class=\"elementor-element elementor-element-9eab5c5 elementor-widget elementor-widget-text-editor\" data-id=\"9eab5c5\" data-element_type=\"widget\" data-e-type=\"widget\" data-widget_type=\"text-editor.default\">\n\t\t\t\t<div class=\"elementor-widget-container\">\n\t\t\t\t\t\t\t\t\t<hr \/><h2>\u00a0<\/h2><h2><span style=\"color: #4f6367;\">Are you from Germany and looking for psychotherapy in Austria?<\/span><\/h2><p><span style=\"font-weight: 400;\">I am a member of the <\/span><a href=\"https:\/\/www.studierenin.at\"><span style=\"font-weight: 400;\">Quality Circle Team Austria for Health Insurance Funds in Germany<\/span><\/a><span style=\"font-weight: 400;\"> and have extensive experience with the reimbursement process through German health insurance companies in Germany. Therefore, individuals who wish to bill a German health insurance company are welcome! <\/span><\/p>\t\t\t\t\t\t\t\t<\/div>\n\t\t\t\t<\/div>\n\t\t\t\t<div class=\"elementor-element elementor-element-5665db3 elementor-align-left elementor-hidden-phone elementor-widget__width-initial elementor-widget elementor-widget-button\" data-id=\"5665db3\" data-element_type=\"widget\" data-e-type=\"widget\" data-widget_type=\"button.default\">\n\t\t\t\t<div class=\"elementor-widget-container\">\n\t\t\t\t\t\t\t\t\t<div class=\"elementor-button-wrapper\">\n\t\t\t\t\t<a class=\"elementor-button elementor-button-link elementor-size-sm\" href=\"https:\/\/www.lagger.eu\/en\/angebot\/\">\n\t\t\t\t\t\t<span class=\"elementor-button-content-wrapper\">\n\t\t\t\t\t\t\t\t\t<span class=\"elementor-button-text\">More information about my services<\/span>\n\t\t\t\t\t<\/span>\n\t\t\t\t\t<\/a>\n\t\t\t\t<\/div>\n\t\t\t\t\t\t\t\t<\/div>\n\t\t\t\t<\/div>\n\t\t\t\t\t<\/div>\n\t\t<\/div>\n\t\t\t\t\t<\/div>\n\t\t<\/section>\n\t\t\t\t\t<\/div>\n\t\t<\/div>\n\t\t\t\t\t<\/div>\n\t\t<\/section>\n\t\t\t\t<section class=\"elementor-section elementor-top-section elementor-element elementor-element-1d233f0 elementor-section-boxed elementor-section-height-default elementor-section-height-default\" data-id=\"1d233f0\" data-element_type=\"section\" data-e-type=\"section\" data-settings=\"{&quot;background_background&quot;:&quot;classic&quot;}\">\n\t\t\t\t\t\t<div class=\"elementor-container elementor-column-gap-default\">\n\t\t\t\t\t<div class=\"elementor-column elementor-col-25 elementor-top-column elementor-element elementor-element-a1d3398\" data-id=\"a1d3398\" data-element_type=\"column\" data-e-type=\"column\">\n\t\t\t<div class=\"elementor-widget-wrap\">\n\t\t\t\t\t\t\t<\/div>\n\t\t<\/div>\n\t\t\t\t<div class=\"elementor-column elementor-col-50 elementor-top-column elementor-element elementor-element-ec9e1b1\" data-id=\"ec9e1b1\" data-element_type=\"column\" data-e-type=\"column\">\n\t\t\t<div class=\"elementor-widget-wrap elementor-element-populated\">\n\t\t\t\t\t\t<div class=\"elementor-element elementor-element-87fde15 elementor-widget elementor-widget-heading\" data-id=\"87fde15\" data-element_type=\"widget\" data-e-type=\"widget\" data-widget_type=\"heading.default\">\n\t\t\t\t<div class=\"elementor-widget-container\">\n\t\t\t\t\t<h3 class=\"elementor-heading-title elementor-size-default\">\"The unconscious mind of man sees correctly, even when the conscious mind is blinded and powerless.\" <\/h3>\t\t\t\t<\/div>\n\t\t\t\t<\/div>\n\t\t\t\t<div class=\"elementor-element elementor-element-1cc2764 elementor-widget elementor-widget-text-editor\" data-id=\"1cc2764\" data-element_type=\"widget\" data-e-type=\"widget\" data-widget_type=\"text-editor.default\">\n\t\t\t\t<div class=\"elementor-widget-container\">\n\t\t\t\t\t\t\t\t\t<p>\u2013 C.G. Jung, Vol. 11 \u00a7 608<\/p>\t\t\t\t\t\t\t\t<\/div>\n\t\t\t\t<\/div>\n\t\t\t\t\t<\/div>\n\t\t<\/div>\n\t\t\t\t<div class=\"elementor-column elementor-col-25 elementor-top-column elementor-element elementor-element-2ec3c92\" data-id=\"2ec3c92\" data-element_type=\"column\" data-e-type=\"column\">\n\t\t\t<div class=\"elementor-widget-wrap\">\n\t\t\t\t\t\t\t<\/div>\n\t\t<\/div>\n\t\t\t\t\t<\/div>\n\t\t<\/section>\n\t\t\t\t<\/div>","protected":false},"excerpt":{"rendered":"<p>Karin Lagger Psychotherapie Zur Kontaktaufnahme Analytische Psychotherapie im Hier und Jetzt! Ich bin Psychotherapeutin, ausgebildet in der psychotherapeutischen Ausrichtung der Analytischen Psychologie (Carl Gustav Jung). Die Ausbildung zur Psychotherapeutin der Analytischen Psychologie absolvierte ich in den Jahren von 2017-2022 an der \u00d6sterreichischen Gesellschaft f\u00fcr Analytische Psychologie (\u00d6GAP). Auf den n\u00e4chsten Seiten k\u00f6nnen Sie mehr \u00fcber [&hellip;]<\/p>\n","protected":false},"author":1,"featured_media":0,"parent":0,"menu_order":0,"comment_status":"closed","ping_status":"closed","template":"","meta":{"ocean_post_layout":"","ocean_both_sidebars_style":"","ocean_both_sidebars_content_width":0,"ocean_both_sidebars_sidebars_width":0,"ocean_sidebar":"0","ocean_second_sidebar":"0","ocean_disable_margins":"enable","ocean_add_body_class":"","ocean_shortcode_before_top_bar":"","ocean_shortcode_after_top_bar":"","ocean_shortcode_before_header":"","ocean_shortcode_after_header":"","ocean_has_shortcode":"","ocean_shortcode_after_title":"","ocean_shortcode_before_footer_widgets":"","ocean_shortcode_after_footer_widgets":"","ocean_shortcode_before_footer_bottom":"","ocean_shortcode_after_footer_bottom":"","ocean_display_top_bar":"off","ocean_display_header":"default","ocean_header_style":"","ocean_center_header_left_menu":"0","ocean_custom_header_template":"0","ocean_custom_logo":0,"ocean_custom_retina_logo":0,"ocean_custom_logo_max_width":0,"ocean_custom_logo_tablet_max_width":0,"ocean_custom_logo_mobile_max_width":0,"ocean_custom_logo_max_height":0,"ocean_custom_logo_tablet_max_height":0,"ocean_custom_logo_mobile_max_height":0,"ocean_header_custom_menu":"0","ocean_menu_typo_font_family":"0","ocean_menu_typo_font_subset":"","ocean_menu_typo_font_size":0,"ocean_menu_typo_font_size_tablet":0,"ocean_menu_typo_font_size_mobile":0,"ocean_menu_typo_font_size_unit":"px","ocean_menu_typo_font_weight":"","ocean_menu_typo_font_weight_tablet":"","ocean_menu_typo_font_weight_mobile":"","ocean_menu_typo_transform":"","ocean_menu_typo_transform_tablet":"","ocean_menu_typo_transform_mobile":"","ocean_menu_typo_line_height":0,"ocean_menu_typo_line_height_tablet":0,"ocean_menu_typo_line_height_mobile":0,"ocean_menu_typo_line_height_unit":"","ocean_menu_typo_spacing":0,"ocean_menu_typo_spacing_tablet":0,"ocean_menu_typo_spacing_mobile":0,"ocean_menu_typo_spacing_unit":"","ocean_menu_link_color":"","ocean_menu_link_color_hover":"","ocean_menu_link_color_active":"","ocean_menu_link_background":"","ocean_menu_link_hover_background":"","ocean_menu_link_active_background":"","ocean_menu_social_links_bg":"","ocean_menu_social_hover_links_bg":"","ocean_menu_social_links_color":"","ocean_menu_social_hover_links_color":"","ocean_disable_title":"on","ocean_disable_heading":"default","ocean_post_title":"","ocean_post_subheading":"","ocean_post_title_style":"","ocean_post_title_background_color":"","ocean_post_title_background":0,"ocean_post_title_bg_image_position":"","ocean_post_title_bg_image_attachment":"","ocean_post_title_bg_image_repeat":"","ocean_post_title_bg_image_size":"","ocean_post_title_height":0,"ocean_post_title_bg_overlay":0.5,"ocean_post_title_bg_overlay_color":"","ocean_disable_breadcrumbs":"default","ocean_breadcrumbs_color":"","ocean_breadcrumbs_separator_color":"","ocean_breadcrumbs_links_color":"","ocean_breadcrumbs_links_hover_color":"","ocean_display_footer_widgets":"default","ocean_display_footer_bottom":"default","ocean_custom_footer_template":"0","footnotes":""},"class_list":["post-12","page","type-page","status-publish","hentry","entry"],"yoast_head":"<!-- This site is optimized with the Yoast SEO plugin v27.5 - https:\/\/yoast.com\/product\/yoast-seo-wordpress\/ -->\n<title>Home - Analytische Psychotherapie Karin Lagger<\/title>\n<meta name=\"description\" content=\"Ich freue mich, Sie auf meiner Webseite begr\u00fc\u00dfen zu d\u00fcrfen! Ich bin Psychotherapeutin in Analytischer Psychologie nach C.G. Jung.\" \/>\n<meta name=\"robots\" content=\"index, follow, max-snippet:-1, max-image-preview:large, max-video-preview:-1\" \/>\n<link rel=\"canonical\" href=\"https:\/\/www.lagger.eu\/en\/\" \/>\n<meta property=\"og:locale\" content=\"en_US\" \/>\n<meta property=\"og:type\" content=\"article\" \/>\n<meta property=\"og:title\" content=\"Home - Analytische Psychotherapie Karin Lagger\" \/>\n<meta property=\"og:description\" content=\"Ich freue mich, Sie auf meiner Webseite begr\u00fc\u00dfen zu d\u00fcrfen! Ich bin Psychotherapeutin in Analytischer Psychologie nach C.G. Jung.\" \/>\n<meta property=\"og:url\" content=\"https:\/\/www.lagger.eu\/en\/\" \/>\n<meta property=\"og:site_name\" content=\"Analytische Psychotherapie Karin Lagger\" \/>\n<meta property=\"article:modified_time\" content=\"2026-01-26T12:00:51+00:00\" \/>\n<meta name=\"twitter:card\" content=\"summary_large_image\" \/>\n<meta name=\"twitter:label1\" content=\"Est. reading time\" \/>\n\t<meta name=\"twitter:data1\" content=\"1 minute\" \/>\n<script type=\"application\/ld+json\" class=\"yoast-schema-graph\">{\"@context\":\"https:\\\/\\\/schema.org\",\"@graph\":[{\"@type\":\"WebPage\",\"@id\":\"https:\\\/\\\/www.lagger.eu\\\/\",\"url\":\"https:\\\/\\\/www.lagger.eu\\\/\",\"name\":\"Home - Analytische Psychotherapie Karin Lagger\",\"isPartOf\":{\"@id\":\"https:\\\/\\\/www.lagger.eu\\\/#website\"},\"datePublished\":\"2019-05-20T09:34:06+00:00\",\"dateModified\":\"2026-01-26T12:00:51+00:00\",\"description\":\"Ich freue mich, Sie auf meiner Webseite begr\u00fc\u00dfen zu d\u00fcrfen! Ich bin Psychotherapeutin in Analytischer Psychologie nach C.G. Jung.\",\"breadcrumb\":{\"@id\":\"https:\\\/\\\/www.lagger.eu\\\/#breadcrumb\"},\"inLanguage\":\"en-US\",\"potentialAction\":[{\"@type\":\"ReadAction\",\"target\":[\"https:\\\/\\\/www.lagger.eu\\\/\"]}]},{\"@type\":\"BreadcrumbList\",\"@id\":\"https:\\\/\\\/www.lagger.eu\\\/#breadcrumb\",\"itemListElement\":[{\"@type\":\"ListItem\",\"position\":1,\"name\":\"Startseite\",\"item\":\"https:\\\/\\\/www.lagger.eu\\\/\"},{\"@type\":\"ListItem\",\"position\":2,\"name\":\"Home\"}]},{\"@type\":\"WebSite\",\"@id\":\"https:\\\/\\\/www.lagger.eu\\\/#website\",\"url\":\"https:\\\/\\\/www.lagger.eu\\\/\",\"name\":\"Analytische Psychotherapie Karin Lagger\",\"description\":\"Psychotherapie\",\"publisher\":{\"@id\":\"https:\\\/\\\/www.lagger.eu\\\/#\\\/schema\\\/person\\\/16606ff07943f569563566689757ce0b\"},\"potentialAction\":[{\"@type\":\"SearchAction\",\"target\":{\"@type\":\"EntryPoint\",\"urlTemplate\":\"https:\\\/\\\/www.lagger.eu\\\/?s={search_term_string}\"},\"query-input\":{\"@type\":\"PropertyValueSpecification\",\"valueRequired\":true,\"valueName\":\"search_term_string\"}}],\"inLanguage\":\"en-US\"},{\"@type\":[\"Person\",\"Organization\"],\"@id\":\"https:\\\/\\\/www.lagger.eu\\\/#\\\/schema\\\/person\\\/16606ff07943f569563566689757ce0b\",\"name\":\"klagger\",\"image\":{\"@type\":\"ImageObject\",\"inLanguage\":\"en-US\",\"@id\":\"https:\\\/\\\/www.lagger.eu\\\/wp-content\\\/uploads\\\/2019\\\/05\\\/lagger.eu-final.png\",\"url\":\"https:\\\/\\\/www.lagger.eu\\\/wp-content\\\/uploads\\\/2019\\\/05\\\/lagger.eu-final.png\",\"contentUrl\":\"https:\\\/\\\/www.lagger.eu\\\/wp-content\\\/uploads\\\/2019\\\/05\\\/lagger.eu-final.png\",\"width\":600,\"height\":132,\"caption\":\"klagger\"},\"logo\":{\"@id\":\"https:\\\/\\\/www.lagger.eu\\\/wp-content\\\/uploads\\\/2019\\\/05\\\/lagger.eu-final.png\"}}]}<\/script>\n<!-- \/ Yoast SEO plugin. -->","yoast_head_json":{"title":"Home - Analytische Psychotherapie Karin Lagger","description":"Ich freue mich, Sie auf meiner Webseite begr\u00fc\u00dfen zu d\u00fcrfen! Ich bin Psychotherapeutin in Analytischer Psychologie nach C.G. Jung.","robots":{"index":"index","follow":"follow","max-snippet":"max-snippet:-1","max-image-preview":"max-image-preview:large","max-video-preview":"max-video-preview:-1"},"canonical":"https:\/\/www.lagger.eu\/en\/","og_locale":"en_US","og_type":"article","og_title":"Home - Analytische Psychotherapie Karin Lagger","og_description":"Ich freue mich, Sie auf meiner Webseite begr\u00fc\u00dfen zu d\u00fcrfen! Ich bin Psychotherapeutin in Analytischer Psychologie nach C.G. Jung.","og_url":"https:\/\/www.lagger.eu\/en\/","og_site_name":"Analytische Psychotherapie Karin Lagger","article_modified_time":"2026-01-26T12:00:51+00:00","twitter_card":"summary_large_image","twitter_misc":{"Est. reading time":"1 minute"},"schema":{"@context":"https:\/\/schema.org","@graph":[{"@type":"WebPage","@id":"https:\/\/www.lagger.eu\/","url":"https:\/\/www.lagger.eu\/","name":"Home - Analytische Psychotherapie Karin Lagger","isPartOf":{"@id":"https:\/\/www.lagger.eu\/#website"},"datePublished":"2019-05-20T09:34:06+00:00","dateModified":"2026-01-26T12:00:51+00:00","description":"Ich freue mich, Sie auf meiner Webseite begr\u00fc\u00dfen zu d\u00fcrfen! Ich bin Psychotherapeutin in Analytischer Psychologie nach C.G. Jung.","breadcrumb":{"@id":"https:\/\/www.lagger.eu\/#breadcrumb"},"inLanguage":"en-US","potentialAction":[{"@type":"ReadAction","target":["https:\/\/www.lagger.eu\/"]}]},{"@type":"BreadcrumbList","@id":"https:\/\/www.lagger.eu\/#breadcrumb","itemListElement":[{"@type":"ListItem","position":1,"name":"Startseite","item":"https:\/\/www.lagger.eu\/"},{"@type":"ListItem","position":2,"name":"Home"}]},{"@type":"WebSite","@id":"https:\/\/www.lagger.eu\/#website","url":"https:\/\/www.lagger.eu\/","name":"Analytische Psychotherapie Karin Lagger","description":"Psychotherapy","publisher":{"@id":"https:\/\/www.lagger.eu\/#\/schema\/person\/16606ff07943f569563566689757ce0b"},"potentialAction":[{"@type":"SearchAction","target":{"@type":"EntryPoint","urlTemplate":"https:\/\/www.lagger.eu\/?s={search_term_string}"},"query-input":{"@type":"PropertyValueSpecification","valueRequired":true,"valueName":"search_term_string"}}],"inLanguage":"en-US"},{"@type":["Person","Organization"],"@id":"https:\/\/www.lagger.eu\/#\/schema\/person\/16606ff07943f569563566689757ce0b","name":"klagger","image":{"@type":"ImageObject","inLanguage":"en-US","@id":"https:\/\/www.lagger.eu\/wp-content\/uploads\/2019\/05\/lagger.eu-final.png","url":"https:\/\/www.lagger.eu\/wp-content\/uploads\/2019\/05\/lagger.eu-final.png","contentUrl":"https:\/\/www.lagger.eu\/wp-content\/uploads\/2019\/05\/lagger.eu-final.png","width":600,"height":132,"caption":"klagger"},"logo":{"@id":"https:\/\/www.lagger.eu\/wp-content\/uploads\/2019\/05\/lagger.eu-final.png"}}]}},"_links":{"self":[{"href":"https:\/\/www.lagger.eu\/en\/wp-json\/wp\/v2\/pages\/12","targetHints":{"allow":["GET"]}}],"collection":[{"href":"https:\/\/www.lagger.eu\/en\/wp-json\/wp\/v2\/pages"}],"about":[{"href":"https:\/\/www.lagger.eu\/en\/wp-json\/wp\/v2\/types\/page"}],"author":[{"embeddable":true,"href":"https:\/\/www.lagger.eu\/en\/wp-json\/wp\/v2\/users\/1"}],"replies":[{"embeddable":true,"href":"https:\/\/www.lagger.eu\/en\/wp-json\/wp\/v2\/comments?post=12"}],"version-history":[{"count":176,"href":"https:\/\/www.lagger.eu\/en\/wp-json\/wp\/v2\/pages\/12\/revisions"}],"predecessor-version":[{"id":1138,"href":"https:\/\/www.lagger.eu\/en\/wp-json\/wp\/v2\/pages\/12\/revisions\/1138"}],"wp:attachment":[{"href":"https:\/\/www.lagger.eu\/en\/wp-json\/wp\/v2\/media?parent=12"}],"curies":[{"name":"wp","href":"https:\/\/api.w.org\/{rel}","templated":true}]}}